{"id":3196,"date":"2024-06-23T11:54:19","date_gmt":"2024-06-23T09:54:19","guid":{"rendered":"https:\/\/draussensein.umweltbildung-lkr-fuerth.de\/wp\/?page_id=3196"},"modified":"2024-06-27T18:01:26","modified_gmt":"2024-06-27T16:01:26","slug":"akteure_einzeln","status":"publish","type":"page","link":"https:\/\/alt-draussensein.umweltbildung-lkr-fuerth.de\/index.php\/akteure_einzeln\/","title":{"rendered":"akteure_einzeln"},"content":{"rendered":"<h3 style=\"padding-left: 80px;\">Hier finden Sie aktuelle Informationen zu unseren Anbietern und Akteuren.<\/h3>\n\n\n    <form style=\"max-width: 900px;margin:auto;\" method=\"post\" data-id=\"69e218224eb69\" class=\"PageGenerator Listing\">\n        \n        \n<div class=\"Area Multiple\">\n    <style>\n        .Block_12 .fieldValue{font-weight:normal !important;font-size:12px !important;color:#000000 !important;}\n.Block_12 .fieldLabel{font-size:14px !important;font-weight:bold !important;text-align:left !important;}\n.Block_11 .fieldLabel{text-align:left !important;font-size:14px !important;font-weight:bold !important;}\n.Block_10 .fieldLabel{text-align:left !important;font-size:14px !important;}\n.Block_9 .fieldLabel{text-align:left !important;font-size:14px !important;font-weight:bold !important;}\n.Block_8 .fieldLabel{text-align:left !important;font-size:14px !important;font-weight:bold !important;}\n.Block_7 .fieldLabel{text-align:left !important;font-size:14px !important;font-weight:bold !important;}\n.Block_6 .fieldLabel{text-align:left !important;font-weight:bold !important;font-size:14px !important;}\n.Block_3 .fieldValue{font-size:12px !important;font-weight:normal !important;text-align:left !important;color:#000000 !important;}\n.Block_3 .fieldLabel{font-size:14px !important;font-weight:bold !important;}\n.Block_4 .imageContainer{width:NaN !important;height:NaN !important;max-width:200px !important;max-height:100px !important;}\n.Block_5 .imageContainer{width:NaN !important;max-width:200px !important;max-height:300px !important;}\n.Block_6 .fieldValue{color:#000000 !important;}\n.Block_7 .fieldValue{color:#000000 !important;}\n.Block_8 .fieldValue{color:#000000 !important;}\n.Block_9 .fieldValue{color:#000000 !important;}\n.Block_10 .fieldValue{color:#0f0101 !important;}\n.Block_11 .fieldValue{color:#000000 !important;}\n.Column_10 {background-color:#538b28 !important;}\n.Section_ListingSection .SectionPerRow{border-style:dotted !important;border-color:#538b28 !important;}\n\n        @media (max-width: 768px) {\n        \n        }\n    <\/style>\n    <div>\n                    \n            \n<div class=\"Section Section_TopSection\">\n    <\/div>\n                    \n            \n\n\n    <div class=\"Section Section_ListingSection \">\n                    <div class=\"SectionPerRow Row0\" style=\"width:100%;\">\n                                    \n        <div class=\"rnRow Row_10 \">\n                    \n<div class=\"rnColumn Column_15\" style=\"width: 50%\">\n            \n        <div class=\"rnBlock Block_3 rnField \" >\n            \n\n            <label class=\"fieldLabel\"><strong>Instutition\/Verein\/Einrichtung<\/strong><\/label>\n        <div class=\"fieldValue\">\n        Weltladen im Welthaus F\u00fcrth\n    <\/div>\n    <\/div>\n\n\n    <\/div>\n                    \n<div class=\"rnColumn Column_16\" style=\"width: 50%\">\n            \n        <div class=\"rnBlock Block_4 rnFieldImage \" >\n                \n\n            <div class=\"imageContainer\">\n                            <img decoding=\"async\" src=\"https:\/\/alt-draussensein.umweltbildung-lkr-fuerth.de\/wp-content\/uploads\/wpforms\/3024-d9c6170282f09fbed5ba1b376457a9a5\/WL_Fuerth_orange_transparent-0251ee8e2c27774e7f0b0d0ac65297d9.png\"\/>\n                    <\/div>\n\n        <\/div>\n\n\n    <\/div>\n            <\/div>\n\n\n                                    \n        <div class=\"rnRow Row_4 \">\n                    \n<div class=\"rnColumn Column_6\" style=\"width: 50%\">\n            \n        <div class=\"rnBlock Block_6 rnField \" >\n            \n\n            <label class=\"fieldLabel\"><strong>Name<\/strong><\/label>\n        <div class=\"fieldValue\">\n        Yana Laber\n    <\/div>\n    <\/div>\n\n\n            \n        <div class=\"rnBlock Block_7 rnField \" >\n            \n\n            <label class=\"fieldLabel\"><strong>Adresse<\/strong><\/label>\n        <div class=\"fieldValue\">\n        Gustavstr. 31\nF\u00fcrth\n90762\nDE\n    <\/div>\n    <\/div>\n\n\n            \n        <div class=\"rnBlock Block_8 rnField \" >\n            \n\n            <label class=\"fieldLabel\"><strong>Telefonnummer<\/strong><\/label>\n        <div class=\"fieldValue\">\n        +499117879708\n    <\/div>\n    <\/div>\n\n\n            \n        <div class=\"rnBlock Block_9 rnField \" >\n            \n\n            <label class=\"fieldLabel\"><strong>E-Mail-Adresse<\/strong><\/label>\n        <div class=\"fieldValue\">\n        bildung@weltladen-fuerth.de\n    <\/div>\n    <\/div>\n\n\n            \n        <div class=\"rnBlock Block_10 rnField \" >\n            \n\n            <label class=\"fieldLabel\"><strong>Website \/ URL<\/strong><\/label>\n        <div class=\"fieldValue\">\n        https:\/\/www.weltladen-fuerth.de\n    <\/div>\n    <\/div>\n\n\n    <\/div>\n                    \n<div class=\"rnColumn Column_7\" style=\"width: 50%\">\n            \n        <div class=\"rnBlock Block_5 rnFieldImage \" >\n                \n\n        <\/div>\n\n\n    <\/div>\n            <\/div>\n\n\n                                    \n        <div class=\"rnRow Row_5 \">\n                    \n<div class=\"rnColumn Column_9\" style=\"width: 100%\">\n            \n        <div class=\"rnBlock Block_11 rnField \" >\n            \n\n            <label class=\"fieldLabel\"><strong>Ihr Angebot zum Thema Umweltbildung<\/strong><\/label>\n        <div class=\"fieldValue\">\n        Unser Referent*innen-Team bietet Themen rund um Wald, Wasser und Artenvielfalt in der Stadt und im Umland an. Klassisch sind bei uns konsumkritische Stadtrundg\u00e4nge und Angebote zum fairen Handel, Weltwirtschaft und Gerechtigkeit. Wir gehen in Kinderg\u00e4rten, Horte, Schulen, Unis und bieten auch Angebote f\u00fcr Erwachsene an.\n    <\/div>\n    <\/div>\n\n\n            \n        <div class=\"rnBlock Block_12 rnField \" >\n            \n\n            <label class=\"fieldLabel\"><strong>Geb\u00fchren \/ Kosten<\/strong><\/label>\n        <div class=\"fieldValue\">\n        Falls m\u00f6glich freuen wir uns \u00fcber einen Unkostenbeitrag von 50\u20ac\/90 Minuten bzw. 100\u20ac\/180 Minuten. Details bitte mit entsprechender Referent*in abkl\u00e4ren, da von Angebot zu Angebot unterschiedlich.\n    <\/div>\n    <\/div>\n\n\n    <\/div>\n            <\/div>\n\n\n                            <\/div>\n            \n                    <div class=\"SectionPerRow Row1\" style=\"width:100%;\">\n                                    \n        <div class=\"rnRow Row_10 \">\n                    \n<div class=\"rnColumn Column_15\" style=\"width: 50%\">\n            \n        <div class=\"rnBlock Block_3 rnField \" >\n            \n\n            <label class=\"fieldLabel\"><strong>Instutition\/Verein\/Einrichtung<\/strong><\/label>\n        <div class=\"fieldValue\">\n        Untere Naturschutzbeh\u00f6rde - Landkreis F\u00fcrth\n    <\/div>\n    <\/div>\n\n\n    <\/div>\n                    \n<div class=\"rnColumn Column_16\" style=\"width: 50%\">\n            \n        <div class=\"rnBlock Block_4 rnFieldImage \" >\n                \n\n            <div class=\"imageContainer\">\n                            <img decoding=\"async\" src=\"https:\/\/alt-draussensein.umweltbildung-lkr-fuerth.de\/wp-content\/uploads\/wpforms\/3024-d9c6170282f09fbed5ba1b376457a9a5\/Landkreis-Logo-f0eea8ab4baf85a4c6a0b9b8a89e2f61.jpg\"\/>\n                    <\/div>\n\n        <\/div>\n\n\n    <\/div>\n            <\/div>\n\n\n                                    \n        <div class=\"rnRow Row_4 \">\n                    \n<div class=\"rnColumn Column_6\" style=\"width: 50%\">\n            \n        <div class=\"rnBlock Block_6 rnField \" >\n            \n\n            <label class=\"fieldLabel\"><strong>Name<\/strong><\/label>\n        <div class=\"fieldValue\">\n        Chiara Engelbrecht\n    <\/div>\n    <\/div>\n\n\n            \n        <div class=\"rnBlock Block_7 rnField \" >\n            \n\n            <label class=\"fieldLabel\"><strong>Adresse<\/strong><\/label>\n        <div class=\"fieldValue\">\n        Im Pinderpark 2\nZirndorf\n    <\/div>\n    <\/div>\n\n\n            \n        <div class=\"rnBlock Block_8 rnField \" >\n            \n\n            <label class=\"fieldLabel\"><strong>Telefonnummer<\/strong><\/label>\n        <div class=\"fieldValue\">\n        09119773-1422\n    <\/div>\n    <\/div>\n\n\n            \n        <div class=\"rnBlock Block_9 rnField \" >\n            \n\n            <label class=\"fieldLabel\"><strong>E-Mail-Adresse<\/strong><\/label>\n        <div class=\"fieldValue\">\n        c-engelbrecht@lra-fue.bayern.de\n    <\/div>\n    <\/div>\n\n\n            \n        <div class=\"rnBlock Block_10 rnField \" >\n            \n\n            <label class=\"fieldLabel\"><strong>Website \/ URL<\/strong><\/label>\n        <div class=\"fieldValue\">\n        \n    <\/div>\n    <\/div>\n\n\n    <\/div>\n                    \n<div class=\"rnColumn Column_7\" style=\"width: 50%\">\n            \n        <div class=\"rnBlock Block_5 rnFieldImage \" >\n                \n\n            <div class=\"imageContainer\">\n                            <img decoding=\"async\" src=\"https:\/\/alt-draussensein.umweltbildung-lkr-fuerth.de\/wp-content\/uploads\/wpforms\/3024-d9c6170282f09fbed5ba1b376457a9a5\/20240726_192927-91294830824b5e1843233da5f3f03ca2.jpg\"\/>\n                    <\/div>\n\n        <\/div>\n\n\n    <\/div>\n            <\/div>\n\n\n                                    \n        <div class=\"rnRow Row_5 \">\n                    \n<div class=\"rnColumn Column_9\" style=\"width: 100%\">\n            \n        <div class=\"rnBlock Block_11 rnField \" >\n            \n\n            <label class=\"fieldLabel\"><strong>Ihr Angebot zum Thema Umweltbildung<\/strong><\/label>\n        <div class=\"fieldValue\">\n        F\u00fchrungen zum Thema Wiese, Wald, Hecke und Wasser insbesondere f\u00fcr Schulklassen.\n    <\/div>\n    <\/div>\n\n\n            \n        <div class=\"rnBlock Block_12 rnField \" >\n            \n\n            <label class=\"fieldLabel\"><strong>Geb\u00fchren \/ Kosten<\/strong><\/label>\n        <div class=\"fieldValue\">\n        meistens kostenfrei\n    <\/div>\n    <\/div>\n\n\n    <\/div>\n            <\/div>\n\n\n                            <\/div>\n            \n                    <div class=\"SectionPerRow Row2\" style=\"width:100%;\">\n                                    \n        <div class=\"rnRow Row_10 \">\n                    \n<div class=\"rnColumn Column_15\" style=\"width: 50%\">\n            \n        <div class=\"rnBlock Block_3 rnField \" >\n            \n\n            <label class=\"fieldLabel\"><strong>Instutition\/Verein\/Einrichtung<\/strong><\/label>\n        <div class=\"fieldValue\">\n        Runder Tisch \"Umweltbildung\" im Landkreis F\u00fcrth e.V.\n    <\/div>\n    <\/div>\n\n\n    <\/div>\n                    \n<div class=\"rnColumn Column_16\" style=\"width: 50%\">\n            \n        <div class=\"rnBlock Block_4 rnFieldImage \" >\n                \n\n            <div class=\"imageContainer\">\n                            <img decoding=\"async\" src=\"https:\/\/alt-draussensein.umweltbildung-lkr-fuerth.de\/wp-content\/uploads\/wpforms\/3024-d9c6170282f09fbed5ba1b376457a9a5\/Zertifikat-Waldpaedagogik-2784abfa649fabbcf6799a9e787f36cc.jpg\"\/>\n                    <\/div>\n\n        <\/div>\n\n\n    <\/div>\n            <\/div>\n\n\n                                    \n        <div class=\"rnRow Row_4 \">\n                    \n<div class=\"rnColumn Column_6\" style=\"width: 50%\">\n            \n        <div class=\"rnBlock Block_6 rnField \" >\n            \n\n            <label class=\"fieldLabel\"><strong>Name<\/strong><\/label>\n        <div class=\"fieldValue\">\n        Raymund Filmer\n    <\/div>\n    <\/div>\n\n\n            \n        <div class=\"rnBlock Block_7 rnField \" >\n            \n\n            <label class=\"fieldLabel\"><strong>Adresse<\/strong><\/label>\n        <div class=\"fieldValue\">\n        Wendsdorf 7\nGro\u00dfhabersdorf, Bayern\n90613\nDE\n    <\/div>\n    <\/div>\n\n\n            \n        <div class=\"rnBlock Block_8 rnField \" >\n            \n\n            <label class=\"fieldLabel\"><strong>Telefonnummer<\/strong><\/label>\n        <div class=\"fieldValue\">\n        015126332952\n    <\/div>\n    <\/div>\n\n\n            \n        <div class=\"rnBlock Block_9 rnField \" >\n            \n\n            <label class=\"fieldLabel\"><strong>E-Mail-Adresse<\/strong><\/label>\n        <div class=\"fieldValue\">\n        raymund.filmer@gmx.de\n    <\/div>\n    <\/div>\n\n\n            \n        <div class=\"rnBlock Block_10 rnField \" >\n            \n\n            <label class=\"fieldLabel\"><strong>Website \/ URL<\/strong><\/label>\n        <div class=\"fieldValue\">\n        \n    <\/div>\n    <\/div>\n\n\n    <\/div>\n                    \n<div class=\"rnColumn Column_7\" style=\"width: 50%\">\n            \n        <div class=\"rnBlock Block_5 rnFieldImage \" >\n                \n\n            <div class=\"imageContainer\">\n                            <img decoding=\"async\" src=\"https:\/\/alt-draussensein.umweltbildung-lkr-fuerth.de\/wp-content\/uploads\/wpforms\/3024-d9c6170282f09fbed5ba1b376457a9a5\/Raymund-4335b27fc74b7beb1b66b2e4693c904e.jpg\"\/>\n                    <\/div>\n\n        <\/div>\n\n\n    <\/div>\n            <\/div>\n\n\n                                    \n        <div class=\"rnRow Row_5 \">\n                    \n<div class=\"rnColumn Column_9\" style=\"width: 100%\">\n            \n        <div class=\"rnBlock Block_11 rnField \" >\n            \n\n            <label class=\"fieldLabel\"><strong>Ihr Angebot zum Thema Umweltbildung<\/strong><\/label>\n        <div class=\"fieldValue\">\n        Waldf\u00fchrungen, F\u00fchrungen zum Thema BNE (Bildung f\u00fcr nachhaltige Entwicklung), besondere Angebote in meiner Bio-Christbaumkultur in Wendsdorf, Gro\u00dfhabersdorf\n    <\/div>\n    <\/div>\n\n\n            \n        <div class=\"rnBlock Block_12 rnField \" >\n            \n\n            <label class=\"fieldLabel\"><strong>Geb\u00fchren \/ Kosten<\/strong><\/label>\n        <div class=\"fieldValue\">\n        nach Absprache\n    <\/div>\n    <\/div>\n\n\n    <\/div>\n            <\/div>\n\n\n                            <\/div>\n            \n                    <div class=\"SectionPerRow Row3\" style=\"width:100%;\">\n                                    \n        <div class=\"rnRow Row_10 \">\n                    \n<div class=\"rnColumn Column_15\" style=\"width: 50%\">\n            \n        <div class=\"rnBlock Block_3 rnField \" >\n            \n\n            <label class=\"fieldLabel\"><strong>Instutition\/Verein\/Einrichtung<\/strong><\/label>\n        <div class=\"fieldValue\">\n        BUND Naturschutz Kreisgruppe F\u00fcrth-Land\n    <\/div>\n    <\/div>\n\n\n    <\/div>\n                    \n<div class=\"rnColumn Column_16\" style=\"width: 50%\">\n            \n        <div class=\"rnBlock Block_4 rnFieldImage \" >\n                \n\n            <div class=\"imageContainer\">\n                            <img decoding=\"async\" src=\"https:\/\/alt-draussensein.umweltbildung-lkr-fuerth.de\/wp-content\/uploads\/wpforms\/3024-d9c6170282f09fbed5ba1b376457a9a5\/BN_Logo_Kreisgruppe2-8ac53a09ef7ec4f977f9d9911b9b8444.jpg\"\/>\n                    <\/div>\n\n        <\/div>\n\n\n    <\/div>\n            <\/div>\n\n\n                                    \n        <div class=\"rnRow Row_4 \">\n                    \n<div class=\"rnColumn Column_6\" style=\"width: 50%\">\n            \n        <div class=\"rnBlock Block_6 rnField \" >\n            \n\n            <label class=\"fieldLabel\"><strong>Name<\/strong><\/label>\n        <div class=\"fieldValue\">\n        Sylvia Grille\n    <\/div>\n    <\/div>\n\n\n            \n        <div class=\"rnBlock Block_7 rnField \" >\n            \n\n            <label class=\"fieldLabel\"><strong>Adresse<\/strong><\/label>\n        <div class=\"fieldValue\">\n        L\u00f6ffelholzstr. 6\nCadolzburg\n90556\n    <\/div>\n    <\/div>\n\n\n            \n        <div class=\"rnBlock Block_8 rnField \" >\n            \n\n            <label class=\"fieldLabel\"><strong>Telefonnummer<\/strong><\/label>\n        <div class=\"fieldValue\">\n        09103 1894\n    <\/div>\n    <\/div>\n\n\n            \n        <div class=\"rnBlock Block_9 rnField \" >\n            \n\n            <label class=\"fieldLabel\"><strong>E-Mail-Adresse<\/strong><\/label>\n        <div class=\"fieldValue\">\n        bnfueland@gmx.de\n    <\/div>\n    <\/div>\n\n\n            \n        <div class=\"rnBlock Block_10 rnField \" >\n            \n\n            <label class=\"fieldLabel\"><strong>Website \/ URL<\/strong><\/label>\n        <div class=\"fieldValue\">\n        https:\/\/fuerth-land.bund-naturschutz.de\n    <\/div>\n    <\/div>\n\n\n    <\/div>\n                    \n<div class=\"rnColumn Column_7\" style=\"width: 50%\">\n            \n        <div class=\"rnBlock Block_5 rnFieldImage \" >\n                \n\n        <\/div>\n\n\n    <\/div>\n            <\/div>\n\n\n                                    \n        <div class=\"rnRow Row_5 \">\n                    \n<div class=\"rnColumn Column_9\" style=\"width: 100%\">\n            \n        <div class=\"rnBlock Block_11 rnField \" >\n            \n\n            <label class=\"fieldLabel\"><strong>Ihr Angebot zum Thema Umweltbildung<\/strong><\/label>\n        <div class=\"fieldValue\">\n        Wir bieten Umweltbildungsmaterial inkl. Umsetzungsvorschl\u00e4gen zu verschiedenen Themen im \"mobilen Umwelt-Erlebniszentrum\" (\"muez). Diese sind zur selbst\u00e4ndigen Verwendung vorgesehen und f\u00fcr jede Alters- und Kenntnisstufe anpassbar, siehe https:\/\/fuerth-land.bund-naturschutz.de\/mobiles-umwelterlebniszentrum .\r\nZus\u00e4tzlich bieten wir regelm\u00e4\u00dfig \u00f6ffentliche Exkursionen, Vortr\u00e4ge u.a. zu Natur- oder Artenschutzthemen an.\n    <\/div>\n    <\/div>\n\n\n            \n        <div class=\"rnBlock Block_12 rnField \" >\n            \n\n            <label class=\"fieldLabel\"><strong>Geb\u00fchren \/ Kosten<\/strong><\/label>\n        <div class=\"fieldValue\">\n        Geringe Geb\u00fchren beim Ausleihen von Material, zus\u00e4tzlich Kaution. \u00d6ffentliche F\u00fchrungen meistens kostenfrei.\n    <\/div>\n    <\/div>\n\n\n    <\/div>\n            <\/div>\n\n\n                            <\/div>\n            \n                    <div class=\"SectionPerRow Row4\" style=\"width:100%;\">\n                                    \n        <div class=\"rnRow Row_10 \">\n                    \n<div class=\"rnColumn Column_15\" style=\"width: 50%\">\n            \n        <div class=\"rnBlock Block_3 rnField \" >\n            \n\n            <label class=\"fieldLabel\"><strong>Instutition\/Verein\/Einrichtung<\/strong><\/label>\n        <div class=\"fieldValue\">\n        1-2-3 e.V.\n    <\/div>\n    <\/div>\n\n\n    <\/div>\n                    \n<div class=\"rnColumn Column_16\" style=\"width: 50%\">\n            \n        <div class=\"rnBlock Block_4 rnFieldImage \" >\n                \n\n            <div class=\"imageContainer\">\n                            <img decoding=\"async\" src=\"https:\/\/alt-draussensein.umweltbildung-lkr-fuerth.de\/wp-content\/uploads\/wpforms\/3024-d9c6170282f09fbed5ba1b376457a9a5\/Logo-123-logo-farbe1-2-c463f2d28ce1369132f0ae9d37c1b8cf.jpg\"\/>\n                    <\/div>\n\n        <\/div>\n\n\n    <\/div>\n            <\/div>\n\n\n                                    \n        <div class=\"rnRow Row_4 \">\n                    \n<div class=\"rnColumn Column_6\" style=\"width: 50%\">\n            \n        <div class=\"rnBlock Block_6 rnField \" >\n            \n\n            <label class=\"fieldLabel\"><strong>Name<\/strong><\/label>\n        <div class=\"fieldValue\">\n        Thomas Rohlederer\n    <\/div>\n    <\/div>\n\n\n            \n        <div class=\"rnBlock Block_7 rnField \" >\n            \n\n            <label class=\"fieldLabel\"><strong>Adresse<\/strong><\/label>\n        <div class=\"fieldValue\">\n        Stresemannplatz 11\nF\u00fcrth\n90763\n    <\/div>\n    <\/div>\n\n\n            \n        <div class=\"rnBlock Block_8 rnField \" >\n            \n\n            <label class=\"fieldLabel\"><strong>Telefonnummer<\/strong><\/label>\n        <div class=\"fieldValue\">\n        016099803159\n    <\/div>\n    <\/div>\n\n\n            \n        <div class=\"rnBlock Block_9 rnField \" >\n            \n\n            <label class=\"fieldLabel\"><strong>E-Mail-Adresse<\/strong><\/label>\n        <div class=\"fieldValue\">\n        rohlederer57@gmail.com\n    <\/div>\n    <\/div>\n\n\n            \n        <div class=\"rnBlock Block_10 rnField \" >\n            \n\n            <label class=\"fieldLabel\"><strong>Website \/ URL<\/strong><\/label>\n        <div class=\"fieldValue\">\n        https:\/\/www.1-2-3ev.de\n    <\/div>\n    <\/div>\n\n\n    <\/div>\n                    \n<div class=\"rnColumn Column_7\" style=\"width: 50%\">\n            \n        <div class=\"rnBlock Block_5 rnFieldImage \" >\n                \n\n            <div class=\"imageContainer\">\n                            <img decoding=\"async\" src=\"https:\/\/alt-draussensein.umweltbildung-lkr-fuerth.de\/wp-content\/uploads\/wpforms\/3024-d9c6170282f09fbed5ba1b376457a9a5\/Thomas-Rohlederer-ll-e502271794b311a857e42c38a29cd12f.jpg\"\/>\n                    <\/div>\n\n        <\/div>\n\n\n    <\/div>\n            <\/div>\n\n\n                                    \n        <div class=\"rnRow Row_5 \">\n                    \n<div class=\"rnColumn Column_9\" style=\"width: 100%\">\n            \n        <div class=\"rnBlock Block_11 rnField \" >\n            \n\n            <label class=\"fieldLabel\"><strong>Ihr Angebot zum Thema Umweltbildung<\/strong><\/label>\n        <div class=\"fieldValue\">\n        1-2-3 bietet:\r\nein Netzwerk f\u00fcr Pr\u00e4vention im Landkreis F\u00fcrth, das auch Ma\u00dfnahmen im Bereich der Umweltbildung anregt, unterst\u00fctzt und mitgestaltet. \r\nDer Verein wurde im September 1998 gegr\u00fcndet. Ihm geh\u00f6ren der Landkreis, Wohlfahrtsverb\u00e4nde, Kommunen, die Polizei, Jugendverb\u00e4nde, Schulen, viele andere Institutionen, p\u00e4dagogische Fachleute sowie B\u00fcrger*innen aus verschiedensten Bereichen der pr\u00e4ventiven Arbeit an.\r\nKommen Sie mit Ideen auf uns zu, arbeiten Sie mit im Team von drau\u00dfenSein!\n    <\/div>\n    <\/div>\n\n\n            \n        <div class=\"rnBlock Block_12 rnField \" >\n            \n\n            <label class=\"fieldLabel\"><strong>Geb\u00fchren \/ Kosten<\/strong><\/label>\n        <div class=\"fieldValue\">\n        Je nach Angebot und Aufwand.\n    <\/div>\n    <\/div>\n\n\n    <\/div>\n            <\/div>\n\n\n                            <\/div>\n            \n            <\/div>\n\n                    \n            \n<div class=\"Section Section_BottomSection\">\n            \n        <div class=\"rnRow Row_8 \">\n                    \n<div class=\"rnColumn Column_12\" style=\"width: 100%\">\n            \n        <div class=\"rnBlock Block_15 rnNavigation \" >\n            \n    <div>\n        \n        \n                                                <span class=\"navigationItem\">1<\/span>\n                \n                                                <a class=\"navigationItem\" href=\".\/?i=2&amp;tid=4\"  href=\"#\">2<\/a>\n                \n            \n\n                            <a class=\"navigationItem\" href=\".\/?i=2&amp;tid=4\" href=\"#\">&gt;<\/a>\n                <a class=\"navigationItem\" href=\".\/?i=2&amp;tid=4\" href=\"#\">&gt;&gt;<\/a>\n                        <\/div>\n    <\/div>\n\n\n    <\/div>\n            <\/div>\n\n\n    <\/div>\n            <\/div>\n<\/div>\n\n        \n    <\/form>\n\n    <script>\n        function rnSubmit(e,parameters)\n        {\n            e.preventDefault();\n            let pageGenerator=e.target.closest('.PageGenerator').PageGenerator;\n            pageGenerator.Submit(parameters);\n        }\n    <\/script>\n\n\n","protected":false},"excerpt":{"rendered":"<p>Hier finden Sie aktuelle Informationen zu unseren Anbietern und Akteuren.<\/p>\n","protected":false},"author":1,"featured_media":0,"parent":0,"menu_order":0,"comment_status":"closed","ping_status":"closed","template":"","meta":{"footnotes":""},"class_list":["post-3196","page","type-page","status-publish","hentry"],"_links":{"self":[{"href":"https:\/\/alt-draussensein.umweltbildung-lkr-fuerth.de\/index.php\/wp-json\/wp\/v2\/pages\/3196","targetHints":{"allow":["GET"]}}],"collection":[{"href":"https:\/\/alt-draussensein.umweltbildung-lkr-fuerth.de\/index.php\/wp-json\/wp\/v2\/pages"}],"about":[{"href":"https:\/\/alt-draussensein.umweltbildung-lkr-fuerth.de\/index.php\/wp-json\/wp\/v2\/types\/page"}],"author":[{"embeddable":true,"href":"https:\/\/alt-draussensein.umweltbildung-lkr-fuerth.de\/index.php\/wp-json\/wp\/v2\/users\/1"}],"replies":[{"embeddable":true,"href":"https:\/\/alt-draussensein.umweltbildung-lkr-fuerth.de\/index.php\/wp-json\/wp\/v2\/comments?post=3196"}],"version-history":[{"count":11,"href":"https:\/\/alt-draussensein.umweltbildung-lkr-fuerth.de\/index.php\/wp-json\/wp\/v2\/pages\/3196\/revisions"}],"predecessor-version":[{"id":3224,"href":"https:\/\/alt-draussensein.umweltbildung-lkr-fuerth.de\/index.php\/wp-json\/wp\/v2\/pages\/3196\/revisions\/3224"}],"wp:attachment":[{"href":"https:\/\/alt-draussensein.umweltbildung-lkr-fuerth.de\/index.php\/wp-json\/wp\/v2\/media?parent=3196"}],"curies":[{"name":"wp","href":"https:\/\/api.w.org\/{rel}","templated":true}]}}