{"id":3129,"date":"2024-06-13T19:16:01","date_gmt":"2024-06-13T17:16:01","guid":{"rendered":"https:\/\/draussensein.umweltbildung-lkr-fuerth.de\/wp\/?page_id=3129"},"modified":"2025-02-25T20:16:13","modified_gmt":"2025-02-25T19:16:13","slug":"home-2","status":"publish","type":"page","link":"https:\/\/alt-draussensein.umweltbildung-lkr-fuerth.de\/","title":{"rendered":"Home"},"content":{"rendered":"<p>Seit vielen Jahren gibt es im Landkreis F\u00fcrth den <strong>Runden Tisch Umweltbildung e.V<\/strong>.<\/p>\n<p>Mit dem Leader-Projekt <strong>drau\u00dfenSein <\/strong>wurde ab 2017 ein Netzwerk der Personen, Verb\u00e4nde und Initiativen im Landkreis F\u00fcrth im Bereich der Umweltbildung aufgebaut.\u00a0drau\u00dfenSein versteht sich als Aktionsplattform f\u00fcr Umweltbildung.<\/p>\n<p>drau\u00dfenSein lebt von der Zusammenarbeit und Begeisterung der Personen, Gruppen und Institutionen die sich f\u00fcr Umweltbildung engagieren.\u00a0Und wir freuen uns \u00fcber Schulen, Vereine, Kinder- und Jugendgruppen, Familien, B\u00fcrgerinnen und B\u00fcrgern des Landkreises, die <strong>Natur. Erlebnis.\u00a0Bildung.<\/strong> erleben und nutzen m\u00f6chten.<\/p>\n<p>Machen Sie mit, werden Sie ein Teil von drau\u00dfenSein und bereichern Sie unser Angebot!<\/p>\n<p>Lassen Sie sich <strong>als <a href=\"https:\/\/alt-draussensein.umweltbildung-lkr-fuerth.de\/index.php\/steckbrief-melden\/\">Anbieterin und Anbieter registrieren<\/a><\/strong> , <a href=\"https:\/\/alt-draussensein.umweltbildung-lkr-fuerth.de\/index.php\/uebermittlung-veranstaltung\/\"><strong>stellen Sie Angebote ein<\/strong><\/a> und freuen Sie sich auf Natur, Erlebnis und Bildung bei einer Teilnahme an den vielf\u00e4ltigen <strong><a href=\"https:\/\/alt-draussensein.umweltbildung-lkr-fuerth.de\/index.php\/eventkalender\/\">Veranstaltungen.<\/a><\/strong><\/p>\n<p><strong>Raymund Filmer\u00a0\u00a0\u00a0\u00a0\u00a0\u00a0\u00a0\u00a0\u00a0\u00a0\u00a0\u00a0\u00a0\u00a0\u00a0\u00a0\u00a0\u00a0\u00a0\u00a0\u00a0\u00a0\u00a0\u00a0\u00a0\u00a0\u00a0\u00a0\u00a0\u00a0\u00a0\u00a0\u00a0\u00a0\u00a0\u00a0\u00a0 \u00a0Thomas Rohlederer <\/strong><\/p>\n<p><strong>Runder Tisch Umweltbildung \u00a0\u00a0\u00a0\u00a0\u00a0\u00a0\u00a0\u00a0\u00a0\u00a0\u00a0\u00a0\u00a0 1-2-3 &#8211; ein Netzwerk f\u00fcr Pr\u00e4vention im Landkreis F\u00fcrth e.V.<\/strong><\/p>\n","protected":false},"excerpt":{"rendered":"<p>Seit vielen Jahren gibt es im Landkreis F\u00fcrth den Runden Tisch Umweltbildung e.V. Mit dem Leader-Projekt drau\u00dfenSein wurde ab 2017 ein Netzwerk der Personen, Verb\u00e4nde und Initiativen im Landkreis F\u00fcrth &#8230;<\/p>\n","protected":false},"author":1,"featured_media":0,"parent":0,"menu_order":0,"comment_status":"closed","ping_status":"closed","template":"","meta":{"footnotes":""},"class_list":["post-3129","page","type-page","status-publish","hentry"],"_links":{"self":[{"href":"https:\/\/alt-draussensein.umweltbildung-lkr-fuerth.de\/index.php\/wp-json\/wp\/v2\/pages\/3129","targetHints":{"allow":["GET"]}}],"collection":[{"href":"https:\/\/alt-draussensein.umweltbildung-lkr-fuerth.de\/index.php\/wp-json\/wp\/v2\/pages"}],"about":[{"href":"https:\/\/alt-draussensein.umweltbildung-lkr-fuerth.de\/index.php\/wp-json\/wp\/v2\/types\/page"}],"author":[{"embeddable":true,"href":"https:\/\/alt-draussensein.umweltbildung-lkr-fuerth.de\/index.php\/wp-json\/wp\/v2\/users\/1"}],"replies":[{"embeddable":true,"href":"https:\/\/alt-draussensein.umweltbildung-lkr-fuerth.de\/index.php\/wp-json\/wp\/v2\/comments?post=3129"}],"version-history":[{"count":24,"href":"https:\/\/alt-draussensein.umweltbildung-lkr-fuerth.de\/index.php\/wp-json\/wp\/v2\/pages\/3129\/revisions"}],"predecessor-version":[{"id":3338,"href":"https:\/\/alt-draussensein.umweltbildung-lkr-fuerth.de\/index.php\/wp-json\/wp\/v2\/pages\/3129\/revisions\/3338"}],"wp:attachment":[{"href":"https:\/\/alt-draussensein.umweltbildung-lkr-fuerth.de\/index.php\/wp-json\/wp\/v2\/media?parent=3129"}],"curies":[{"name":"wp","href":"https:\/\/api.w.org\/{rel}","templated":true}]}}